{"id":2744,"date":"2024-08-08T10:09:20","date_gmt":"2024-08-08T08:09:20","guid":{"rendered":"https:\/\/stowarzyszeniejawor.pl\/?page_id=2744"},"modified":"2024-08-09T10:45:11","modified_gmt":"2024-08-09T08:45:11","slug":"zarzadzenia","status":"publish","type":"page","link":"https:\/\/stowarzyszeniejawor.pl\/index.php\/zarzadzenia\/","title":{"rendered":"Zarz\u0105dzenia"},"content":{"rendered":"<h5><a href=\"https:\/\/stowarzyszeniejawor.pl\/wp-content\/plugins\/download-attachments\/includes\/download.php?id=2756\" title=\"Zarz\u0105dzenie Prezesa SPON Jawor z 31 lipca 2024 w sprawie Standard\u00f3w Ochrony Ma\u0142oletnich\" class=\"da-download-link da-download-attachment-2756\">Zarz\u0105dzenie Prezesa SPON Jawor z 31 lipca 2024 w sprawie Standard\u00f3w Ochrony Ma\u0142oletnich<\/a><\/h5>\n","protected":false},"excerpt":{"rendered":"","protected":false},"author":1,"featured_media":0,"parent":0,"menu_order":0,"comment_status":"closed","ping_status":"closed","template":"","meta":{"footnotes":"","_links_to":"","_links_to_target":""},"_links":{"self":[{"href":"https:\/\/stowarzyszeniejawor.pl\/index.php\/wp-json\/wp\/v2\/pages\/2744"}],"collection":[{"href":"https:\/\/stowarzyszeniejawor.pl\/index.php\/wp-json\/wp\/v2\/pages"}],"about":[{"href":"https:\/\/stowarzyszeniejawor.pl\/index.php\/wp-json\/wp\/v2\/types\/page"}],"author":[{"embeddable":true,"href":"https:\/\/stowarzyszeniejawor.pl\/index.php\/wp-json\/wp\/v2\/users\/1"}],"replies":[{"embeddable":true,"href":"https:\/\/stowarzyszeniejawor.pl\/index.php\/wp-json\/wp\/v2\/comments?post=2744"}],"version-history":[{"count":4,"href":"https:\/\/stowarzyszeniejawor.pl\/index.php\/wp-json\/wp\/v2\/pages\/2744\/revisions"}],"predecessor-version":[{"id":2759,"href":"https:\/\/stowarzyszeniejawor.pl\/index.php\/wp-json\/wp\/v2\/pages\/2744\/revisions\/2759"}],"wp:attachment":[{"href":"https:\/\/stowarzyszeniejawor.pl\/index.php\/wp-json\/wp\/v2\/media?parent=2744"}],"curies":[{"name":"wp","href":"https:\/\/api.w.org\/{rel}","templated":true}]}}