{"id":2742,"date":"2024-08-08T10:09:02","date_gmt":"2024-08-08T08:09:02","guid":{"rendered":"https:\/\/stowarzyszeniejawor.pl\/?page_id=2742"},"modified":"2024-08-09T10:43:06","modified_gmt":"2024-08-09T08:43:06","slug":"standardy-ochrony-maloletnich","status":"publish","type":"page","link":"https:\/\/stowarzyszeniejawor.pl\/index.php\/standardy-ochrony-maloletnich\/","title":{"rendered":"Standardy Ochrony Ma\u0142oletnich"},"content":{"rendered":"<h3 style=\"text-align: center;\"><a href=\"https:\/\/stowarzyszeniejawor.pl\/wp-content\/plugins\/download-attachments\/includes\/download.php?id=2756\" title=\"Zarz\u0105dzenie Prezesa SPON Jawor z 31 lipca 2024 w sprawie Standard\u00f3w Ochrony Ma\u0142oletnich\" class=\"da-download-link da-download-attachment-2756\">Zarz\u0105dzenie Prezesa SPON Jawor z 31 lipca 2024 w sprawie Standard\u00f3w Ochrony Ma\u0142oletnich<\/a><\/h3>\n<h3 style=\"text-align: center;\"><span style=\"color: #000000;\"><strong><a href=\"https:\/\/stowarzyszeniejawor.pl\/wp-content\/plugins\/download-attachments\/includes\/download.php?id=2748\" title=\"Standardy ochrony ma\u0142oletnich_wersja dla m\u0142odzie\u017cy\" class=\"da-download-link da-download-attachment-2748\">Standardy ochrony ma\u0142oletnich_wersja dla m\u0142odzie\u017cy<\/a><\/strong><\/span><\/h3>\n<h3><\/h3>\n","protected":false},"excerpt":{"rendered":"","protected":false},"author":1,"featured_media":0,"parent":0,"menu_order":0,"comment_status":"closed","ping_status":"closed","template":"","meta":{"footnotes":"","_links_to":"","_links_to_target":""},"_links":{"self":[{"href":"https:\/\/stowarzyszeniejawor.pl\/index.php\/wp-json\/wp\/v2\/pages\/2742"}],"collection":[{"href":"https:\/\/stowarzyszeniejawor.pl\/index.php\/wp-json\/wp\/v2\/pages"}],"about":[{"href":"https:\/\/stowarzyszeniejawor.pl\/index.php\/wp-json\/wp\/v2\/types\/page"}],"author":[{"embeddable":true,"href":"https:\/\/stowarzyszeniejawor.pl\/index.php\/wp-json\/wp\/v2\/users\/1"}],"replies":[{"embeddable":true,"href":"https:\/\/stowarzyszeniejawor.pl\/index.php\/wp-json\/wp\/v2\/comments?post=2742"}],"version-history":[{"count":5,"href":"https:\/\/stowarzyszeniejawor.pl\/index.php\/wp-json\/wp\/v2\/pages\/2742\/revisions"}],"predecessor-version":[{"id":2758,"href":"https:\/\/stowarzyszeniejawor.pl\/index.php\/wp-json\/wp\/v2\/pages\/2742\/revisions\/2758"}],"wp:attachment":[{"href":"https:\/\/stowarzyszeniejawor.pl\/index.php\/wp-json\/wp\/v2\/media?parent=2742"}],"curies":[{"name":"wp","href":"https:\/\/api.w.org\/{rel}","templated":true}]}}