{"id":1983,"date":"2021-09-13T21:16:33","date_gmt":"2021-09-13T19:16:33","guid":{"rendered":"https:\/\/stowarzyszeniejawor.pl\/?page_id=1983"},"modified":"2021-09-13T21:20:34","modified_gmt":"2021-09-13T19:20:34","slug":"rodo","status":"publish","type":"page","link":"https:\/\/stowarzyszeniejawor.pl\/index.php\/rodo\/","title":{"rendered":"RODO"},"content":{"rendered":"<p>Na podstawie art.37 Rozporz\u0105dzenia Parlamentu Europejskiego i Rady (UE) 2016\/679 z dnia 27 kwietnia 2016 r. w sprawie ochrony os\u00f3b fizycznych w zwi\u0105zku z przetwarzaniem danych osobowych i w sprawie swobodnego przep\u0142ywu takich danych oraz uchyleniem dyrektywy 95\/46\/WE (og\u00f3lne rozporz\u0105dzenie o ochronie danych) \u2013 RODO jako osob\u0119 pe\u0142ni\u0105c\u0105 funkcj\u0119 Inspektora Ochrony Danych Osobowych w Stowarzyszeniu Pomocy Osobom Niepe\u0142nosprawnym &#8222;Jawor&#8221; w Jaworku jest Pani <strong>El\u017cbieta Trojanowska.<\/strong><br \/>\nDane do kontaktu: <a href=\"mailto:wtzjaworek@wp.pl\" target=\"_blank\" rel=\"noopener\"><strong>wtz<\/strong><strong>jaworek@wp.pl<\/strong><\/a><\/p>\n","protected":false},"excerpt":{"rendered":"<p>Na podstawie art.37 Rozporz\u0105dzenia Parlamentu Europejskiego i Rady (UE) 2016\/679 z dnia 27 kwietnia 2016 r. w sprawie ochrony os\u00f3b fizycznych&hellip;<\/p>\n","protected":false},"author":1,"featured_media":0,"parent":0,"menu_order":0,"comment_status":"closed","ping_status":"closed","template":"","meta":{"footnotes":"","_links_to":"","_links_to_target":""},"_links":{"self":[{"href":"https:\/\/stowarzyszeniejawor.pl\/index.php\/wp-json\/wp\/v2\/pages\/1983"}],"collection":[{"href":"https:\/\/stowarzyszeniejawor.pl\/index.php\/wp-json\/wp\/v2\/pages"}],"about":[{"href":"https:\/\/stowarzyszeniejawor.pl\/index.php\/wp-json\/wp\/v2\/types\/page"}],"author":[{"embeddable":true,"href":"https:\/\/stowarzyszeniejawor.pl\/index.php\/wp-json\/wp\/v2\/users\/1"}],"replies":[{"embeddable":true,"href":"https:\/\/stowarzyszeniejawor.pl\/index.php\/wp-json\/wp\/v2\/comments?post=1983"}],"version-history":[{"count":5,"href":"https:\/\/stowarzyszeniejawor.pl\/index.php\/wp-json\/wp\/v2\/pages\/1983\/revisions"}],"predecessor-version":[{"id":1989,"href":"https:\/\/stowarzyszeniejawor.pl\/index.php\/wp-json\/wp\/v2\/pages\/1983\/revisions\/1989"}],"wp:attachment":[{"href":"https:\/\/stowarzyszeniejawor.pl\/index.php\/wp-json\/wp\/v2\/media?parent=1983"}],"curies":[{"name":"wp","href":"https:\/\/api.w.org\/{rel}","templated":true}]}}