{"id":1841,"date":"2021-09-12T21:51:54","date_gmt":"2021-09-12T19:51:54","guid":{"rendered":"https:\/\/stowarzyszeniejawor.pl\/?page_id=1841"},"modified":"2023-04-21T11:14:42","modified_gmt":"2023-04-21T09:14:42","slug":"1-2","status":"publish","type":"page","link":"https:\/\/stowarzyszeniejawor.pl\/index.php\/1-2\/","title":{"rendered":"1,5 %"},"content":{"rendered":"<div style=\"position:relative;width:315px;margin:0 auto;\"><a href=\"https:\/\/www.pitax.pl\/rozliczenie-pit-online-0000166743\" title=\"Przeka\u017c 1% naszej organizacji\" target=\"_blank\" rel=\"noopener\"><img decoding=\"async\" src=\"https:\/\/www.iwop.pl\/_resources\/themes\/simple\/images\/bannery\/banner1.svg\" style=\"width:100%\" alt=\"Przeka\u017c 1% naszej organizacji\" \/><\/a><\/p>\n<p style=\"text-align: center;font-size: 12px;padding-top: 5px;\"><a href=\"https:\/\/www.pitax.pl\/rozliczenie-pit\/\">Rozliczenie PIT 2023 z\u00a0PITax.pl<\/a> <\/div>\n<p>1,5 % +1,5 % + 1,5 % = &#8230;. &#8222;g\u00f3ra procent&#8221;<\/p>\n<p>Apelujemy, aby\u015bcie Pa\u0144stwo w\u0142\u0105czyli w kampani\u0119 spo\u0142eczn\u0105 dotycz\u0105c\u0105 przekazywania 1,5% podatku dla organizacji po\u017cytku publicznego. Dokonanie 1,5% odpisu nie przyniesie Pa\u0144stwu \u017cadnych strat finansowych ani zysk\u00f3w. Zap\u0142acicie Pa\u0144stwo tyle samo podatku.<\/p>\n<p>Ustawodawca da\u0142 jednak wyb\u00f3r (w 1,5%) na co przeznaczone b\u0119d\u0105 Pa\u0144stwa podatki. Sami decydujecie, kt\u00f3rej z organizacji pozarz\u0105dowych oka\u017cecie pomoc. Pami\u0119tajcie, \u017ce 1,5% mo\u017cna przekaza\u0107 organizacji, kt\u00f3ra posiada status organizacji po\u017cytku publicznego i znalaz\u0142a si\u0119 na li\u015bcie opublikowanej przez Ministerstwo Sprawiedliwo\u015bci w Dzienniku Rz\u0105dowym \u201eMonitor Polski\u201d. My tutaj jeste\u015bmy.<br \/>\n<strong>Krajowy Rejestr S\u0105dowy<\/strong><\/p>\n<p>Mi\u0142o nam b\u0119dzie, je\u015bli to w\u0142a\u015bnie nasz\u0105 organizacj\u0119 obdarzycie Pa\u0144stwo zaufaniem. Przekazuj\u0105c nam 1,5% przyczyniacie si\u0119 do pe\u0142niejszej realizacji cel\u00f3w statutowych.<\/p>\n<p>Jak to zrobi\u0107?<\/p>\n<p>1. Wybra\u0107 organizacj\u0119 po\u017cytku publicznego, kt\u00f3rej chcecie przekaza\u0107 1,5 % naliczonego podatku,<br \/>\n2. Wype\u0142ni\u0107 odpowiedni\u0105 rubryk\u0119 w rocznym zestawieniu podatkowym (PIT &#8211; 36, PIT &#8211; 37, PIT &#8211; 28),<br \/>\n3. W zeznaniu nale\u017cy wpisa\u0107 pe\u0142n\u0105 nazw\u0119 organizacji oraz jej numer wpisu do Krajowego Rejestru S\u0105dowego, np:<\/p>\n<p><strong>Stowarzyszenie Pomocy Osobom Niepe\u0142nosprawnym<\/strong><br \/>\n<strong>&#8222;Jawor&#8221; w Jaworku<\/strong><br \/>\n<strong>KRS 0000166743<\/strong><\/p>\n<p>4. Mi\u0142o nam b\u0119dzie, je\u015bli wyra\u017c\u0105 Pa\u0144stwo zgod\u0119 na przekazanie nam swych danych osobowych.<br \/>\n5. Pieni\u0105dze w Pa\u0144stwa imieniu zostan\u0105 nam przekazane przez Urz\u0105d Skarbowy.<\/p>\n<p>Serdeczne podzi\u0119kowania!!!<\/p>\n<p>Dzi\u0119kujemy wszystkim osobom, kt\u00f3re w\u0142\u0105czy\u0142y si\u0119 w kampani\u0119 spo\u0142eczn\u0105 i przekaza\u0142y nam 1,5 % swojego podatku.<br \/>\nZgodnie z uchwa\u0142\u0105 Zarz\u0105du Stowarzyszenia Nr 117\/10 \u015brodki finansowe zostaj\u0105 przekazane na organizacj\u0119 zaj\u0119\u0107 rehabilitacyjnych.<\/p>\n","protected":false},"excerpt":{"rendered":"<p>Rozliczenie PIT 2023 z\u00a0PITax.pl 1,5 % +1,5 % + 1,5 % = &#8230;. &#8222;g\u00f3ra procent&#8221; Apelujemy, aby\u015bcie Pa\u0144stwo w\u0142\u0105czyli w kampani\u0119&hellip;<\/p>\n","protected":false},"author":1,"featured_media":0,"parent":0,"menu_order":0,"comment_status":"closed","ping_status":"closed","template":"","meta":{"footnotes":"","_links_to":"","_links_to_target":""},"_links":{"self":[{"href":"https:\/\/stowarzyszeniejawor.pl\/index.php\/wp-json\/wp\/v2\/pages\/1841"}],"collection":[{"href":"https:\/\/stowarzyszeniejawor.pl\/index.php\/wp-json\/wp\/v2\/pages"}],"about":[{"href":"https:\/\/stowarzyszeniejawor.pl\/index.php\/wp-json\/wp\/v2\/types\/page"}],"author":[{"embeddable":true,"href":"https:\/\/stowarzyszeniejawor.pl\/index.php\/wp-json\/wp\/v2\/users\/1"}],"replies":[{"embeddable":true,"href":"https:\/\/stowarzyszeniejawor.pl\/index.php\/wp-json\/wp\/v2\/comments?post=1841"}],"version-history":[{"count":9,"href":"https:\/\/stowarzyszeniejawor.pl\/index.php\/wp-json\/wp\/v2\/pages\/1841\/revisions"}],"predecessor-version":[{"id":2554,"href":"https:\/\/stowarzyszeniejawor.pl\/index.php\/wp-json\/wp\/v2\/pages\/1841\/revisions\/2554"}],"wp:attachment":[{"href":"https:\/\/stowarzyszeniejawor.pl\/index.php\/wp-json\/wp\/v2\/media?parent=1841"}],"curies":[{"name":"wp","href":"https:\/\/api.w.org\/{rel}","templated":true}]}}